{"id":14,"date":"2024-03-14T14:02:13","date_gmt":"2024-03-14T14:02:13","guid":{"rendered":"https:\/\/cool-neumann.85-215-98-21.plesk.page\/?post_type=product&#038;p=14"},"modified":"2024-03-14T14:02:13","modified_gmt":"2024-03-14T14:02:13","slug":"mitoblue-methylenblau-tropfen-1-in-pharmaqualitat-reinst-usp-50ml","status":"publish","type":"product","link":"https:\/\/cool-neumann.85-215-98-21.plesk.page\/index.php\/product\/mitoblue-methylenblau-tropfen-1-in-pharmaqualitat-reinst-usp-50ml\/","title":{"rendered":"MitoBlue\u00a9 Methylenblau Tropfen 1% in Pharmaqualit\u00e4t (Reinst USP) 50ml"},"content":{"rendered":"<ul>\n<li><strong>Premium-Qualit\u00e4t: <\/strong>Unsere Premium Methylenblautropfen enthalten neben hochreinem Methylenblau nur gereinigtes Wasser. Wir verzichten auf Formaldehyd und es sind auch keine anderen Zus\u00e4tze enthalten.<\/li>\n<li><strong>In Deutschland produziert<\/strong>: Unser pharmazeutisches Methylenblau wird exklusiv f\u00fcr unsere Kunden in Deutschland unter strengen Qualit\u00e4tsstandards hergestellt. Es ist besonders rein und erf\u00fcllt selbstverst\u00e4ndlich die Standards der US Pharmacopeia (USP).<\/li>\n<li><strong>In Deutschland laborgepr\u00fcft<\/strong>: Jede Charge unsere Methylenblaus wird unabh\u00e4ngig laborgepr\u00fcft. Die Spurenanalyse nach DIN EN ISO 17294-2 (E 29):2005-02 zeigt, dass alle \u00fcblichen Metallverunreinigungen unterhalb der Detektionsgrenze liegen.<\/li>\n<li><strong>In Deutschland abgef\u00fcllt<\/strong>: Die MitoBlue Methylenblau-Tropfen werden in Deutschland mit gereinigtem Wasser zu einer hochwertigen 1% L\u00f6sung vermischt und in sch\u00f6ne, blaue 50ml Pipetten-Flaschen gef\u00fcllt.<\/li>\n<li><strong>Einfache Dosierung<\/strong>: Eine 50ml Flasche unseres Methylenblaus enth\u00e4lt ca. 1000 Tropfen. Ein Tropfen enth\u00e4lt daher ca. 0,5mg reines Methylenblau.<\/li>\n<\/ul>\n","protected":false},"excerpt":{"rendered":"<ul>\n<li><strong>Premium-Qualit\u00e4t: <\/strong>Unsere Premium Methylenblautropfen enthalten neben hochreinem Methylenblau nur gereinigtes Wasser. Wir verzichten auf Formaldehyd und es sind auch keine anderen Zus\u00e4tze enthalten.<\/li>\n<li><strong>In Deutschland produziert<\/strong>: Unser pharmazeutisches Methylenblau wird exklusiv f\u00fcr unsere Kunden in Deutschland unter strengen Qualit\u00e4tsstandards hergestellt. Es ist besonders rein und erf\u00fcllt selbstverst\u00e4ndlich die Standards der US Pharmacopeia (USP).<\/li>\n<li><strong>In Deutschland laborgepr\u00fcft<\/strong>: Jede Charge unsere Methylenblaus wird unabh\u00e4ngig laborgepr\u00fcft. Die Spurenanalyse nach DIN EN ISO 17294-2 (E 29):2005-02 zeigt, dass alle \u00fcblichen Metallverunreinigungen unterhalb der Detektionsgrenze liegen.<\/li>\n<li><strong>In Deutschland abgef\u00fcllt<\/strong>: Die MitoBlue Methylenblau-Tropfen werden in Deutschland mit gereinigtem Wasser zu einer hochwertigen 1% L\u00f6sung vermischt und in sch\u00f6ne, blaue 50ml Pipetten-Flaschen gef\u00fcllt.<\/li>\n<li><strong>Einfache Dosierung<\/strong>: Eine 50ml Flasche unseres Methylenblaus enth\u00e4lt ca. 1000 Tropfen. Ein Tropfen enth\u00e4lt daher ca. 0,5mg reines Methylenblau.<\/li>\n<\/ul>\n","protected":false},"featured_media":0,"comment_status":"open","ping_status":"closed","template":"","meta":[],"product_cat":[15],"product_tag":[],"class_list":{"0":"post-14","1":"product","2":"type-product","3":"status-publish","5":"product_cat-uncategorized","7":"first","8":"instock","9":"shipping-taxable","10":"purchasable","11":"product-type-simple"},"yoast_head":"<!-- This site is optimized with the Yoast SEO plugin v22.2 - https:\/\/yoast.com\/wordpress\/plugins\/seo\/ -->\n<title>MitoBlue\u00a9 Methylenblau Tropfen 1% in Pharmaqualit\u00e4t (Reinst USP) 50ml - MitoBlue<\/title>\n<meta name=\"robots\" content=\"index, follow, max-snippet:-1, max-image-preview:large, max-video-preview:-1\" \/>\n<link rel=\"canonical\" href=\"https:\/\/cool-neumann.85-215-98-21.plesk.page\/index.php\/product\/mitoblue-methylenblau-tropfen-1-in-pharmaqualitat-reinst-usp-50ml\/\" \/>\n<meta property=\"og:locale\" content=\"en_US\" \/>\n<meta property=\"og:type\" content=\"article\" \/>\n<meta property=\"og:title\" content=\"MitoBlue\u00a9 Methylenblau Tropfen 1% in Pharmaqualit\u00e4t (Reinst USP) 50ml - MitoBlue\" \/>\n<meta property=\"og:description\" content=\"Premium-Qualit\u00e4t: Unsere Premium Methylenblautropfen enthalten neben hochreinem Methylenblau nur gereinigtes Wasser. Wir verzichten auf Formaldehyd und es sind auch keine anderen Zus\u00e4tze enthalten.  In Deutschland produziert: Unser pharmazeutisches Methylenblau wird exklusiv f\u00fcr unsere Kunden in Deutschland unter strengen Qualit\u00e4tsstandards hergestellt. Es ist besonders rein und erf\u00fcllt selbstverst\u00e4ndlich die Standards der US Pharmacopeia (USP).  In Deutschland laborgepr\u00fcft: Jede Charge unsere Methylenblaus wird unabh\u00e4ngig laborgepr\u00fcft. Die Spurenanalyse nach DIN EN ISO 17294-2 (E 29):2005-02 zeigt, dass alle \u00fcblichen Metallverunreinigungen unterhalb der Detektionsgrenze liegen.  In Deutschland abgef\u00fcllt: Die MitoBlue Methylenblau-Tropfen werden in Deutschland mit gereinigtem Wasser zu einer hochwertigen 1% L\u00f6sung vermischt und in sch\u00f6ne, blaue 50ml Pipetten-Flaschen gef\u00fcllt.  Einfache Dosierung: Eine 50ml Flasche unseres Methylenblaus enth\u00e4lt ca. 1000 Tropfen. Ein Tropfen enth\u00e4lt daher ca. 0,5mg reines Methylenblau.\" \/>\n<meta property=\"og:url\" content=\"https:\/\/cool-neumann.85-215-98-21.plesk.page\/index.php\/product\/mitoblue-methylenblau-tropfen-1-in-pharmaqualitat-reinst-usp-50ml\/\" \/>\n<meta property=\"og:site_name\" content=\"MitoBlue\" \/>\n<meta name=\"twitter:card\" content=\"summary_large_image\" \/>\n<meta name=\"twitter:label1\" content=\"Est. reading time\" \/>\n\t<meta name=\"twitter:data1\" content=\"1 minute\" \/>\n<script type=\"application\/ld+json\" class=\"yoast-schema-graph\">{\"@context\":\"https:\/\/schema.org\",\"@graph\":[{\"@type\":[\"WebPage\",\"ItemPage\"],\"@id\":\"https:\/\/cool-neumann.85-215-98-21.plesk.page\/index.php\/product\/mitoblue-methylenblau-tropfen-1-in-pharmaqualitat-reinst-usp-50ml\/\",\"url\":\"https:\/\/cool-neumann.85-215-98-21.plesk.page\/index.php\/product\/mitoblue-methylenblau-tropfen-1-in-pharmaqualitat-reinst-usp-50ml\/\",\"name\":\"MitoBlue\u00a9 Methylenblau Tropfen 1% in Pharmaqualit\u00e4t (Reinst USP) 50ml - MitoBlue\",\"isPartOf\":{\"@id\":\"https:\/\/cool-neumann.85-215-98-21.plesk.page\/#website\"},\"datePublished\":\"2024-03-14T14:02:13+00:00\",\"dateModified\":\"2024-03-14T14:02:13+00:00\",\"breadcrumb\":{\"@id\":\"https:\/\/cool-neumann.85-215-98-21.plesk.page\/index.php\/product\/mitoblue-methylenblau-tropfen-1-in-pharmaqualitat-reinst-usp-50ml\/#breadcrumb\"},\"inLanguage\":\"en-US\",\"potentialAction\":[{\"@type\":\"ReadAction\",\"target\":[\"https:\/\/cool-neumann.85-215-98-21.plesk.page\/index.php\/product\/mitoblue-methylenblau-tropfen-1-in-pharmaqualitat-reinst-usp-50ml\/\"]}]},{\"@type\":\"BreadcrumbList\",\"@id\":\"https:\/\/cool-neumann.85-215-98-21.plesk.page\/index.php\/product\/mitoblue-methylenblau-tropfen-1-in-pharmaqualitat-reinst-usp-50ml\/#breadcrumb\",\"itemListElement\":[{\"@type\":\"ListItem\",\"position\":1,\"name\":\"Home\",\"item\":\"https:\/\/cool-neumann.85-215-98-21.plesk.page\/\"},{\"@type\":\"ListItem\",\"position\":2,\"name\":\"Shop\",\"item\":\"https:\/\/cool-neumann.85-215-98-21.plesk.page\/index.php\/shop\/\"},{\"@type\":\"ListItem\",\"position\":3,\"name\":\"MitoBlue\u00a9 Methylenblau Tropfen 1% in Pharmaqualit\u00e4t (Reinst USP) 50ml\"}]},{\"@type\":\"WebSite\",\"@id\":\"https:\/\/cool-neumann.85-215-98-21.plesk.page\/#website\",\"url\":\"https:\/\/cool-neumann.85-215-98-21.plesk.page\/\",\"name\":\"MitoBlue\",\"description\":\"\",\"potentialAction\":[{\"@type\":\"SearchAction\",\"target\":{\"@type\":\"EntryPoint\",\"urlTemplate\":\"https:\/\/cool-neumann.85-215-98-21.plesk.page\/?s={search_term_string}\"},\"query-input\":\"required name=search_term_string\"}],\"inLanguage\":\"en-US\"}]}<\/script>\n<!-- \/ Yoast SEO plugin. -->","yoast_head_json":{"title":"MitoBlue\u00a9 Methylenblau Tropfen 1% in Pharmaqualit\u00e4t (Reinst USP) 50ml - MitoBlue","robots":{"index":"index","follow":"follow","max-snippet":"max-snippet:-1","max-image-preview":"max-image-preview:large","max-video-preview":"max-video-preview:-1"},"canonical":"https:\/\/cool-neumann.85-215-98-21.plesk.page\/index.php\/product\/mitoblue-methylenblau-tropfen-1-in-pharmaqualitat-reinst-usp-50ml\/","og_locale":"en_US","og_type":"article","og_title":"MitoBlue\u00a9 Methylenblau Tropfen 1% in Pharmaqualit\u00e4t (Reinst USP) 50ml - MitoBlue","og_description":"Premium-Qualit\u00e4t: Unsere Premium Methylenblautropfen enthalten neben hochreinem Methylenblau nur gereinigtes Wasser. Wir verzichten auf Formaldehyd und es sind auch keine anderen Zus\u00e4tze enthalten.  In Deutschland produziert: Unser pharmazeutisches Methylenblau wird exklusiv f\u00fcr unsere Kunden in Deutschland unter strengen Qualit\u00e4tsstandards hergestellt. Es ist besonders rein und erf\u00fcllt selbstverst\u00e4ndlich die Standards der US Pharmacopeia (USP).  In Deutschland laborgepr\u00fcft: Jede Charge unsere Methylenblaus wird unabh\u00e4ngig laborgepr\u00fcft. Die Spurenanalyse nach DIN EN ISO 17294-2 (E 29):2005-02 zeigt, dass alle \u00fcblichen Metallverunreinigungen unterhalb der Detektionsgrenze liegen.  In Deutschland abgef\u00fcllt: Die MitoBlue Methylenblau-Tropfen werden in Deutschland mit gereinigtem Wasser zu einer hochwertigen 1% L\u00f6sung vermischt und in sch\u00f6ne, blaue 50ml Pipetten-Flaschen gef\u00fcllt.  Einfache Dosierung: Eine 50ml Flasche unseres Methylenblaus enth\u00e4lt ca. 1000 Tropfen. Ein Tropfen enth\u00e4lt daher ca. 0,5mg reines Methylenblau.","og_url":"https:\/\/cool-neumann.85-215-98-21.plesk.page\/index.php\/product\/mitoblue-methylenblau-tropfen-1-in-pharmaqualitat-reinst-usp-50ml\/","og_site_name":"MitoBlue","twitter_card":"summary_large_image","twitter_misc":{"Est. reading time":"1 minute"},"schema":{"@context":"https:\/\/schema.org","@graph":[{"@type":["WebPage","ItemPage"],"@id":"https:\/\/cool-neumann.85-215-98-21.plesk.page\/index.php\/product\/mitoblue-methylenblau-tropfen-1-in-pharmaqualitat-reinst-usp-50ml\/","url":"https:\/\/cool-neumann.85-215-98-21.plesk.page\/index.php\/product\/mitoblue-methylenblau-tropfen-1-in-pharmaqualitat-reinst-usp-50ml\/","name":"MitoBlue\u00a9 Methylenblau Tropfen 1% in Pharmaqualit\u00e4t (Reinst USP) 50ml - MitoBlue","isPartOf":{"@id":"https:\/\/cool-neumann.85-215-98-21.plesk.page\/#website"},"datePublished":"2024-03-14T14:02:13+00:00","dateModified":"2024-03-14T14:02:13+00:00","breadcrumb":{"@id":"https:\/\/cool-neumann.85-215-98-21.plesk.page\/index.php\/product\/mitoblue-methylenblau-tropfen-1-in-pharmaqualitat-reinst-usp-50ml\/#breadcrumb"},"inLanguage":"en-US","potentialAction":[{"@type":"ReadAction","target":["https:\/\/cool-neumann.85-215-98-21.plesk.page\/index.php\/product\/mitoblue-methylenblau-tropfen-1-in-pharmaqualitat-reinst-usp-50ml\/"]}]},{"@type":"BreadcrumbList","@id":"https:\/\/cool-neumann.85-215-98-21.plesk.page\/index.php\/product\/mitoblue-methylenblau-tropfen-1-in-pharmaqualitat-reinst-usp-50ml\/#breadcrumb","itemListElement":[{"@type":"ListItem","position":1,"name":"Home","item":"https:\/\/cool-neumann.85-215-98-21.plesk.page\/"},{"@type":"ListItem","position":2,"name":"Shop","item":"https:\/\/cool-neumann.85-215-98-21.plesk.page\/index.php\/shop\/"},{"@type":"ListItem","position":3,"name":"MitoBlue\u00a9 Methylenblau Tropfen 1% in Pharmaqualit\u00e4t (Reinst USP) 50ml"}]},{"@type":"WebSite","@id":"https:\/\/cool-neumann.85-215-98-21.plesk.page\/#website","url":"https:\/\/cool-neumann.85-215-98-21.plesk.page\/","name":"MitoBlue","description":"","potentialAction":[{"@type":"SearchAction","target":{"@type":"EntryPoint","urlTemplate":"https:\/\/cool-neumann.85-215-98-21.plesk.page\/?s={search_term_string}"},"query-input":"required name=search_term_string"}],"inLanguage":"en-US"}]}},"_links":{"self":[{"href":"https:\/\/cool-neumann.85-215-98-21.plesk.page\/index.php\/wp-json\/wp\/v2\/product\/14","targetHints":{"allow":["GET"]}}],"collection":[{"href":"https:\/\/cool-neumann.85-215-98-21.plesk.page\/index.php\/wp-json\/wp\/v2\/product"}],"about":[{"href":"https:\/\/cool-neumann.85-215-98-21.plesk.page\/index.php\/wp-json\/wp\/v2\/types\/product"}],"replies":[{"embeddable":true,"href":"https:\/\/cool-neumann.85-215-98-21.plesk.page\/index.php\/wp-json\/wp\/v2\/comments?post=14"}],"wp:attachment":[{"href":"https:\/\/cool-neumann.85-215-98-21.plesk.page\/index.php\/wp-json\/wp\/v2\/media?parent=14"}],"wp:term":[{"taxonomy":"product_cat","embeddable":true,"href":"https:\/\/cool-neumann.85-215-98-21.plesk.page\/index.php\/wp-json\/wp\/v2\/product_cat?post=14"},{"taxonomy":"product_tag","embeddable":true,"href":"https:\/\/cool-neumann.85-215-98-21.plesk.page\/index.php\/wp-json\/wp\/v2\/product_tag?post=14"}],"curies":[{"name":"wp","href":"https:\/\/api.w.org\/{rel}","templated":true}]}}